{"id":720,"date":"2024-03-14T14:21:20","date_gmt":"2024-03-14T13:21:20","guid":{"rendered":"https:\/\/ozeanhub.com\/?page_id=720"},"modified":"2024-04-16T15:02:48","modified_gmt":"2024-04-16T13:02:48","slug":"integridad-y-conducta","status":"publish","type":"page","link":"https:\/\/ozeanhub.com\/?page_id=720","title":{"rendered":"Integridad y conducta"},"content":{"rendered":"\t\t<div data-elementor-type=\"wp-page\" data-elementor-id=\"720\" class=\"elementor elementor-720\" data-elementor-post-type=\"page\">\n\t\t\t\t<div class=\"elementor-element elementor-element-f5da685 e-flex e-con-boxed e-con e-parent\" data-id=\"f5da685\" data-element_type=\"container\" data-settings=\"{&quot;jet_parallax_layout_list&quot;:[]}\">\n\t\t\t\t\t<div class=\"e-con-inner\">\n\t\t<div class=\"elementor-element elementor-element-51f9ae1 e-con-full e-flex e-con e-child\" data-id=\"51f9ae1\" data-element_type=\"container\" data-settings=\"{&quot;motion_fx_motion_fx_mouse&quot;:&quot;yes&quot;,&quot;sticky&quot;:&quot;top&quot;,&quot;sticky_offset&quot;:105,&quot;sticky_parent&quot;:&quot;yes&quot;,&quot;sticky_on&quot;:[&quot;desktop&quot;],&quot;jet_parallax_layout_list&quot;:[],&quot;sticky_effects_offset&quot;:0,&quot;sticky_anchor_link_offset&quot;:0}\">\n\t\t\t\t<div class=\"elementor-element elementor-element-d5ad40e elementor-widget elementor-widget-image\" data-id=\"d5ad40e\" data-element_type=\"widget\" data-widget_type=\"image.default\">\n\t\t\t\t<div class=\"elementor-widget-container\">\n\t\t\t\t\t\t\t\t\t\t\t\t\t\t\t<img fetchpriority=\"high\" decoding=\"async\" width=\"1024\" height=\"683\" src=\"https:\/\/ozeanhub.com\/wp-content\/uploads\/integridad-y-conducta-sutteam-1024x683.png\" class=\"attachment-large size-large wp-image-1282\" alt=\"\" srcset=\"https:\/\/ozeanhub.com\/wp-content\/uploads\/integridad-y-conducta-sutteam-1024x683.png 1024w, https:\/\/ozeanhub.com\/wp-content\/uploads\/integridad-y-conducta-sutteam-300x200.png 300w, https:\/\/ozeanhub.com\/wp-content\/uploads\/integridad-y-conducta-sutteam-768x512.png 768w, https:\/\/ozeanhub.com\/wp-content\/uploads\/integridad-y-conducta-sutteam.png 1080w\" sizes=\"(max-width: 1024px) 100vw, 1024px\" \/>\t\t\t\t\t\t\t\t\t\t\t\t\t\t\t<\/div>\n\t\t\t\t<\/div>\n\t\t\t\t<\/div>\n\t\t<div class=\"elementor-element elementor-element-434b618 e-con-full e-flex e-con e-child\" data-id=\"434b618\" data-element_type=\"container\" data-settings=\"{&quot;jet_parallax_layout_list&quot;:[]}\">\n\t\t\t\t<div class=\"elementor-element elementor-element-b6b01c4 elementor-widget elementor-widget-heading\" data-id=\"b6b01c4\" data-element_type=\"widget\" data-widget_type=\"heading.default\">\n\t\t\t\t<div class=\"elementor-widget-container\">\n\t\t\t\t\t<p class=\"elementor-heading-title elementor-size-default\">OZEANHUB<\/p>\t\t\t\t<\/div>\n\t\t\t\t<\/div>\n\t\t\t\t<div class=\"elementor-element elementor-element-fef6381 elementor-widget elementor-widget-heading\" data-id=\"fef6381\" data-element_type=\"widget\" data-widget_type=\"heading.default\">\n\t\t\t\t<div class=\"elementor-widget-container\">\n\t\t\t\t\t<h1 class=\"elementor-heading-title elementor-size-default\">Integridad y conducta<\/h1>\t\t\t\t<\/div>\n\t\t\t\t<\/div>\n\t\t\t\t<div class=\"elementor-element elementor-element-0e22dc8 elementor-widget elementor-widget-text-editor\" data-id=\"0e22dc8\" data-element_type=\"widget\" data-widget_type=\"text-editor.default\">\n\t\t\t\t<div class=\"elementor-widget-container\">\n\t\t\t\t\t\t\t\t\t<p>OZEANHUB ha elaborado un C\u00f3digo \u00c9tico en el que se recogen las pautas de actuaci\u00f3n y conducta que exige a todos sus empleados.<\/p>\n<p>Como instrumento de comprobaci\u00f3n del seguimiento de dichas pautas, se ha habilitado un canal \u00e9tico para que los diferentes grupos con los que interact\u00faa OZEANHUB: empleados, clientes, proveedores, etc., puedan comunicar sus denuncias o dudas sobre el mismo.<\/p>\n<p>\u00danicamente deber\u00e1s identificarte y detallar el motivo de tu comunicaci\u00f3n. OZEANHUB garantiza la confidencialidad, en especial, cuando se trate de denuncias, y se compromete a adoptar las acciones precisas en cada caso.<\/p>\n<p><strong>CANAL \u00c9TICO<\/strong><\/p>\n<p>Mediante el canal \u00e9tico cualquier persona puede comunicar graves irregularidades que se hayan producido o puedan producirse en OZEANHUB o cualquiera de sus filiales.<\/p>\n<p><strong>IMPORTANTE:<\/strong>&nbsp;<strong>Las conductas irregulares a comunicar por este canal han de ser graves o muy graves.<\/strong><\/p>\n<p><strong>\u00bfQu\u00e9 son graves irregularidades o conductas irregulares?<\/strong><\/p>\n<p>Se entiende por conductas irregulares graves o muy graves conforme al p\u00e1rrafo anterior, y a modo de mero ejemplo, las siguientes:<\/p>\n<ul>\n<li>El soborno a funcionarios p\u00fablicos; u ofrecimientos o propuestas indebidas de&nbsp; funcionarios p\u00fablicos.<\/li>\n<li>Corrupci\u00f3n entre empresas, proveedores, subcontratas, y con Administraciones P\u00fablicas;<\/li>\n<li>Blanqueo de dinero o capitales;<\/li>\n<li>Actos contra la salud p\u00fablica;<\/li>\n<li>Alteraci\u00f3n de precios en concursos p\u00fablicos;<\/li>\n<li>Etc.<\/li>\n<\/ul>\n<p>Tenga presente que este canal NO es un canal de quejas y reclamaciones de servicio, las cuales ser\u00e1n debidamente atendidas en la p\u00e1gina de \u201c<a href=\"https:\/\/ozeanhub.com\/contacto\/\"><strong>Contacto<\/strong><\/a>\u201d o en las correspondientes Delegaciones.<\/p>\n<p><strong>\u00bfC\u00f3mo presento la comunicaci\u00f3n o denuncia de la conducta irregular?<\/strong><\/p>\n<p>Para facilitar la presentaci\u00f3n de la denuncia, la empresa pone a disposici\u00f3n del comunicante una direcci\u00f3n de correo electr\u00f3nico:&nbsp;<a href=\"mailto:canaletico@ozeanhub.com\">canaletico@ozeanhub.com<\/a>,&nbsp;&nbsp;a trav\u00e9s de la cual, de forma confidencial pueda comunicar incumplimientos graves o resolver dudas relacionadas con el C\u00f3digo \u00c9tico. Leer&nbsp;<a href=\"https:\/\/ozeanhub.com\/proteccion-de-datos\/\"><strong>Pol\u00edtica de Protecci\u00f3n de datos<\/strong><\/a>.<\/p>\n<p>Cualquier persona podr\u00e1 comunicar las conductas irregulares cumpliendo con los requisitos siguientes:<\/p>\n<ul>\n<li>Identificaci\u00f3n del denunciante (nombre y apellidos)<\/li>\n<li>Hechos, persona o colectivo denunciado.<\/li>\n<li>Argumentos o pruebas veraces y precisas que soporten la denuncia<\/li>\n<\/ul>\n<p>Su denuncia se recibir\u00e1 por el \u00f3rgano designado al efecto,&nbsp;que la analizar\u00e1 y adoptar\u00e1 las medidas necesarias para su mitigaci\u00f3n, y en su caso, ponerla a disposici\u00f3n de las autoridades competentes.<\/p>\n<p>Su colaboraci\u00f3n es fundamental para la detecci\u00f3n de conductas irregulares graves o muy graves dentro de la empresa, y que afectan a la sociedad en su conjunto. Le agradecemos de antemano su inestimable colaboraci\u00f3n.<\/p>\t\t\t\t\t\t\t\t<\/div>\n\t\t\t\t<\/div>\n\t\t\t\t<div class=\"elementor-element elementor-element-482454d elementor-icon-list--layout-traditional elementor-list-item-link-full_width elementor-widget elementor-widget-icon-list\" data-id=\"482454d\" data-element_type=\"widget\" data-widget_type=\"icon-list.default\">\n\t\t\t\t<div class=\"elementor-widget-container\">\n\t\t\t\t\t\t\t<ul class=\"elementor-icon-list-items\">\n\t\t\t\t\t\t\t<li class=\"elementor-icon-list-item\">\n\t\t\t\t\t\t\t\t\t\t\t<a href=\"\/wp-content\/uploads\/Codigo-Etico-OZEANHUB.pdf\" target=\"_blank\">\n\n\t\t\t\t\t\t\t\t\t\t\t\t<span class=\"elementor-icon-list-icon\">\n\t\t\t\t\t\t\t<svg aria-hidden=\"true\" class=\"e-font-icon-svg e-fas-download\" viewBox=\"0 0 512 512\" xmlns=\"http:\/\/www.w3.org\/2000\/svg\"><path d=\"M216 0h80c13.3 0 24 10.7 24 24v168h87.7c17.8 0 26.7 21.5 14.1 34.1L269.7 378.3c-7.5 7.5-19.8 7.5-27.3 0L90.1 226.1c-12.6-12.6-3.7-34.1 14.1-34.1H192V24c0-13.3 10.7-24 24-24zm296 376v112c0 13.3-10.7 24-24 24H24c-13.3 0-24-10.7-24-24V376c0-13.3 10.7-24 24-24h146.7l49 49c20.1 20.1 52.5 20.1 72.6 0l49-49H488c13.3 0 24 10.7 24 24zm-124 88c0-11-9-20-20-20s-20 9-20 20 9 20 20 20 20-9 20-20zm64 0c0-11-9-20-20-20s-20 9-20 20 9 20 20 20 20-9 20-20z\"><\/path><\/svg>\t\t\t\t\t\t<\/span>\n\t\t\t\t\t\t\t\t\t\t<span class=\"elementor-icon-list-text\">Descargar c\u00f3digo \u00e9tico<\/span>\n\t\t\t\t\t\t\t\t\t\t\t<\/a>\n\t\t\t\t\t\t\t\t\t<\/li>\n\t\t\t\t\t\t\t\t<li class=\"elementor-icon-list-item\">\n\t\t\t\t\t\t\t\t\t\t\t<a href=\"\/wp-content\/uploads\/POLITICA-DE-PREVENCIO-DE-RIESGOS-PENALES-Y-ANTISOBORNO.pdf\" target=\"_blank\">\n\n\t\t\t\t\t\t\t\t\t\t\t\t<span class=\"elementor-icon-list-icon\">\n\t\t\t\t\t\t\t<svg aria-hidden=\"true\" class=\"e-font-icon-svg e-fas-download\" viewBox=\"0 0 512 512\" xmlns=\"http:\/\/www.w3.org\/2000\/svg\"><path d=\"M216 0h80c13.3 0 24 10.7 24 24v168h87.7c17.8 0 26.7 21.5 14.1 34.1L269.7 378.3c-7.5 7.5-19.8 7.5-27.3 0L90.1 226.1c-12.6-12.6-3.7-34.1 14.1-34.1H192V24c0-13.3 10.7-24 24-24zm296 376v112c0 13.3-10.7 24-24 24H24c-13.3 0-24-10.7-24-24V376c0-13.3 10.7-24 24-24h146.7l49 49c20.1 20.1 52.5 20.1 72.6 0l49-49H488c13.3 0 24 10.7 24 24zm-124 88c0-11-9-20-20-20s-20 9-20 20 9 20 20 20 20-9 20-20zm64 0c0-11-9-20-20-20s-20 9-20 20 9 20 20 20 20-9 20-20z\"><\/path><\/svg>\t\t\t\t\t\t<\/span>\n\t\t\t\t\t\t\t\t\t\t<span class=\"elementor-icon-list-text\">Descargar pol\u00edtica de prevenci\u00f3n de riesgos penales y antisoborno<\/span>\n\t\t\t\t\t\t\t\t\t\t\t<\/a>\n\t\t\t\t\t\t\t\t\t<\/li>\n\t\t\t\t\t\t\t\t<li class=\"elementor-icon-list-item\">\n\t\t\t\t\t\t\t\t\t\t\t<a href=\"\/wp-content\/uploads\/Principios-Rectores-Prevencion-Riesgos-Penales-OZEANHUB.pdf\" target=\"_blank\">\n\n\t\t\t\t\t\t\t\t\t\t\t\t<span class=\"elementor-icon-list-icon\">\n\t\t\t\t\t\t\t<svg aria-hidden=\"true\" class=\"e-font-icon-svg e-fas-download\" viewBox=\"0 0 512 512\" xmlns=\"http:\/\/www.w3.org\/2000\/svg\"><path d=\"M216 0h80c13.3 0 24 10.7 24 24v168h87.7c17.8 0 26.7 21.5 14.1 34.1L269.7 378.3c-7.5 7.5-19.8 7.5-27.3 0L90.1 226.1c-12.6-12.6-3.7-34.1 14.1-34.1H192V24c0-13.3 10.7-24 24-24zm296 376v112c0 13.3-10.7 24-24 24H24c-13.3 0-24-10.7-24-24V376c0-13.3 10.7-24 24-24h146.7l49 49c20.1 20.1 52.5 20.1 72.6 0l49-49H488c13.3 0 24 10.7 24 24zm-124 88c0-11-9-20-20-20s-20 9-20 20 9 20 20 20 20-9 20-20zm64 0c0-11-9-20-20-20s-20 9-20 20 9 20 20 20 20-9 20-20z\"><\/path><\/svg>\t\t\t\t\t\t<\/span>\n\t\t\t\t\t\t\t\t\t\t<span class=\"elementor-icon-list-text\">Descargar principios rectores de prevenci\u00f3n de responsabilidad penal de OZEANHUB<\/span>\n\t\t\t\t\t\t\t\t\t\t\t<\/a>\n\t\t\t\t\t\t\t\t\t<\/li>\n\t\t\t\t\t\t<\/ul>\n\t\t\t\t\t\t<\/div>\n\t\t\t\t<\/div>\n\t\t\t\t<\/div>\n\t\t\t\t\t<\/div>\n\t\t\t\t<\/div>\n\t\t\t\t<\/div>\n\t\t","protected":false},"excerpt":{"rendered":"<p>OZEANHUB Integridad y conducta OZEANHUB ha elaborado un C\u00f3digo \u00c9tico en el que se recogen las pautas de actuaci\u00f3n y conducta que exige a todos sus empleados. Como instrumento de comprobaci\u00f3n del seguimiento de dichas pautas, se ha habilitado un canal \u00e9tico para que los diferentes grupos con los que interact\u00faa OZEANHUB: empleados, clientes, proveedores, <a href=\"https:\/\/ozeanhub.com\/?page_id=720\" class=\"more-link\">&#8230;<span class=\"screen-reader-text\">  Integridad y conducta<\/span><\/a><\/p>\n","protected":false},"author":3,"featured_media":0,"parent":0,"menu_order":0,"comment_status":"closed","ping_status":"closed","template":"","meta":{"footnotes":""},"class_list":["post-720","page","type-page","status-publish","hentry"],"_links":{"self":[{"href":"https:\/\/ozeanhub.com\/index.php?rest_route=\/wp\/v2\/pages\/720","targetHints":{"allow":["GET"]}}],"collection":[{"href":"https:\/\/ozeanhub.com\/index.php?rest_route=\/wp\/v2\/pages"}],"about":[{"href":"https:\/\/ozeanhub.com\/index.php?rest_route=\/wp\/v2\/types\/page"}],"author":[{"embeddable":true,"href":"https:\/\/ozeanhub.com\/index.php?rest_route=\/wp\/v2\/users\/3"}],"replies":[{"embeddable":true,"href":"https:\/\/ozeanhub.com\/index.php?rest_route=%2Fwp%2Fv2%2Fcomments&post=720"}],"version-history":[{"count":19,"href":"https:\/\/ozeanhub.com\/index.php?rest_route=\/wp\/v2\/pages\/720\/revisions"}],"predecessor-version":[{"id":1326,"href":"https:\/\/ozeanhub.com\/index.php?rest_route=\/wp\/v2\/pages\/720\/revisions\/1326"}],"wp:attachment":[{"href":"https:\/\/ozeanhub.com\/index.php?rest_route=%2Fwp%2Fv2%2Fmedia&parent=720"}],"curies":[{"name":"wp","href":"https:\/\/api.w.org\/{rel}","templated":true}]}}