{"id":580,"date":"2024-03-12T11:18:56","date_gmt":"2024-03-12T10:18:56","guid":{"rendered":"https:\/\/ozeanhub.com\/?page_id=580"},"modified":"2024-03-12T11:18:56","modified_gmt":"2024-03-12T10:18:56","slug":"politica-de-cookies","status":"publish","type":"page","link":"https:\/\/ozeanhub.com\/?page_id=580","title":{"rendered":"Pol\u00edtica de cookies"},"content":{"rendered":"\n<p>ACERCA DE LAS COOKIES<\/p>\n\n\n\n<p>Las cookies son peque\u00f1os archivos de texto que las p\u00e1ginas web pueden utilizar para hacer m\u00e1s eficiente la experiencia del usuario.<\/p>\n\n\n\n<p>La Ley afirma que podemos almacenar cookies en su dispositivo si son estrictamente necesarias para el funcionamiento de esta p\u00e1gina. Para todos los dem\u00e1s tipos de cookies necesitamos su consentimiento para poder almacenar las cookies en su dispositivo. Esta p\u00e1gina utiliza diferentes tipos de cookies. Algunas de las cuales son proporcionadas por servicios de terceros que aparecen en nuestras p\u00e1ginas.<\/p>\n\n\n\n<p>En cualquier momento usted puede cambiar o retirar su consentimiento desde la Pol\u00edtica de Cookies habilitada en nuestro sitio web.<\/p>\n\n\n\n<p>Puede obtener m\u00e1s informaci\u00f3n sobre qui\u00e9nes somos, c\u00f3mo puede contactarnos y c\u00f3mo procesamos los datos personales en nuestra Pol\u00edtica de Privacidad.<\/p>\n\n\n\n<p>IDENTIFICACI\u00d3N DE COOKIES UTILIZADAS<\/p>\n\n\n\n<p>A continuaci\u00f3n, se realiza una clasificaci\u00f3n de las cookies por categor\u00edas. No obstante, hay que tener en cuenta que en ocasiones una misma cookie puede incluirse en varias categor\u00edas:<\/p>\n\n\n\n<ol class=\"wp-block-list\">\n<li>Seg\u00fan la entidad que las gestione<\/li>\n<\/ol>\n\n\n\n<ul class=\"wp-block-list\">\n<li><strong>Cookies propias:<\/strong>&nbsp;Son aqu\u00e9llas que se env\u00edan al equipo terminal del usuario desde un equipo o dominio gestionado por el propio editor y desde el que se presta el servicio solicitado por el usuario.<\/li>\n\n\n\n<li><strong>Cookies de tercero:<\/strong>&nbsp;Son aqu\u00e9llas que se env\u00edan al equipo terminal del usuario desde un equipo o dominio que no es gestionado por el editor, sino por otra entidad que trata los datos obtenidos trav\u00e9s de las cookies.<\/li>\n<\/ul>\n\n\n\n<ol class=\"wp-block-list\" start=\"2\">\n<li>Seg\u00fan el tiempo que permanecen activas:<\/li>\n<\/ol>\n\n\n\n<ul class=\"wp-block-list\">\n<li><strong>Cookies de sesi\u00f3n:<\/strong>&nbsp;Recaban y almacenan datos mientras el usuario accede y permanece en una p\u00e1gina web.<\/li>\n\n\n\n<li><strong>Cookies persistentes:<\/strong>&nbsp;Son las que tienen un plazo de caducidad de un m\u00e1ximo de 2 a\u00f1os desde la fecha de creaci\u00f3n, lo que significa que durante ese tiempo los datos seguir\u00e1n almacenados en el terminal, pudiendo ser accedidos y tratados.<\/li>\n<\/ul>\n\n\n\n<ol class=\"wp-block-list\" start=\"3\">\n<li>Seg\u00fan la finalidad para la que se traten los datos obtenidos a trav\u00e9s de las cookies<\/li>\n<\/ol>\n\n\n\n<ul class=\"wp-block-list\">\n<li><strong>Cookies necesarias:<\/strong>&nbsp;Las cookies necesarias ayudan a hacer una p\u00e1gina web utilizable activando funciones b\u00e1sicas como la navegaci\u00f3n en la p\u00e1gina y el acceso a \u00e1reas seguras de la p\u00e1gina web. La p\u00e1gina web no puede funcionar adecuadamente sin estas cookies.<\/li>\n\n\n\n<li><strong>Cookies de preferencias:&nbsp;<\/strong>Las cookies de preferencias permiten a la p\u00e1gina web recordar informaci\u00f3n que cambia la forma en que la p\u00e1gina se comporta o el aspecto que tiene, como su idioma preferido o la regi\u00f3n en la que usted se encuentra.<\/li>\n\n\n\n<li><strong>Cookies de Marketing:<\/strong>&nbsp;Las cookies de marketing se utilizan para rastrear a los visitantes en las p\u00e1ginas web. La intenci\u00f3n es mostrar anuncios relevantes y atractivos para el usuario individual y, por lo tanto, m\u00e1s valiosos para los editores y terceros anunciantes.<\/li>\n\n\n\n<li><strong>Cookies estad\u00edsticas:<\/strong>&nbsp;Las cookies estad\u00edsticas ayudan a los propietarios de p\u00e1ginas web a comprender c\u00f3mo interact\u00faan los visitantes con las p\u00e1ginas web reuniendo y proporcionando informaci\u00f3n de forma an\u00f3nima.<\/li>\n\n\n\n<li><strong>Cookies no clasificadas:<\/strong>&nbsp;Las cookies no clasificadas son cookies para las que todav\u00eda estamos en proceso de clasificar, junto con los proveedores de cookies individuales.<\/li>\n<\/ul>\n\n\n\n<p>DESACTIVACI\u00d3N DE COOKIES<\/p>\n\n\n\n<p>Adicionalmente usted puede permitir, bloquear o eliminar las cookies instaladas en su equipo mediante la configuraci\u00f3n de las opciones del navegador instalado en su ordenador. No obstante, le recordamos que, en el caso de que decida cambiar la configuraci\u00f3n de las cookies, el servicio prestado a trav\u00e9s de los diferentes websites podr\u00eda verse afectado parcial o totalmente.<\/p>\n\n\n\n<p>Por favor, lea atentamente la secci\u00f3n de ayuda de su navegador para conocer m\u00e1s acerca de c\u00f3mo activar el \u201cmodo privado\u201d o desbloquear determinadas cookies.<\/p>\n\n\n\n<ul class=\"wp-block-list\">\n<li><strong>Internet Explorer:<\/strong>&nbsp;Puede consultar el&nbsp;<a href=\"https:\/\/support.microsoft.com\/es-es\/help\/17442\/windows-internet-explorer-delete-manage-cookies\" rel=\"nofollow noopener\" target=\"_blank\">soporte de Microsoft<\/a>&nbsp;o la Ayuda del navegador.<\/li>\n\n\n\n<li><strong>Firefox:<\/strong>&nbsp;Puede consultar el&nbsp;<a href=\"https:\/\/support.mozilla.org\/es\/kb\/habilitar-y-deshabilitar-cookies-sitios-web-rastrear-preferencias\" rel=\"nofollow noopener\" target=\"_blank\">soporte de Mozilla<\/a>&nbsp;o la Ayuda del navegador.<\/li>\n\n\n\n<li><strong>Chrome:<\/strong>&nbsp;Puede consultar el&nbsp;<a href=\"https:\/\/support.google.com\/chrome\/answer\/95647?co=GENIE.Platform%3DDesktop&amp;hl=es\" rel=\"nofollow noopener\" target=\"_blank\">soporte de Google<\/a>&nbsp;o la Ayuda del navegador.<\/li>\n\n\n\n<li><strong>Safari:<\/strong>&nbsp;Puede consultar el&nbsp;<a href=\"https:\/\/support.apple.com\/es-es\/guide\/safari\/sfri11471\/mac\" rel=\"nofollow noopener\" target=\"_blank\">soporte de Apple<\/a>&nbsp;o la Ayuda del navegador.<\/li>\n<\/ul>\n\n\n\n<p>OZEANHUB Facility Services Limited. desea poner de manifiesto que la variaci\u00f3n de las cookies que aparezcan en esta web puede no estar relacionada con la gesti\u00f3n y el mantenimiento de la misma, por lo que se llevan a cabo revisiones peri\u00f3dicas para adecuar su pol\u00edtica de cookies.<\/p>\n\n\n\n<p>OZEANHUB Facility Services Limited no asume ninguna responsabilidad por problemas legales o t\u00e9cnicos causados por el incumplimiento por parte del Usuario de las recomendaciones incluidas. Esta comunicaci\u00f3n se realiza para el conocimiento y uso de los usuarios, por consiguiente, no debe utilizarse para ninguna otra finalidad.<\/p>\n\n\n\n<p>OZEANHUB Facility Services Limited. no se hace responsable del contenido y veracidad de las pol\u00edticas de privacidad de los terceros incluidas en esta pol\u00edtica de cookies. Si tiene dudas sobre esta pol\u00edtica de cookies, puede contactar con nosotros en&nbsp;<a href=\"mailto:info@ozeanhub.com\">info@ozeanhub.com<\/a><\/p>\n\n\n\n<p>ACTUALIZACIONES Y CAMBIOS EN LA POL\u00cdTICA DE COOKIES<\/p>\n\n\n\n<p>OZEANHUB Facility Services Limited podr\u00e1 modificar esta Pol\u00edtica de Cookies en funci\u00f3n de exigencias legislativas, reglamentarias, o con la finalidad de adaptar dicha pol\u00edtica a las instrucciones dictadas por la Agencia Espa\u00f1ola de Protecci\u00f3n de Datos, por ello se aconseja a los Usuarios que la visiten peri\u00f3dicamente.<\/p>\n\n\n\n<p>Puede obtener m\u00e1s informaci\u00f3n sobre qui\u00e9nes somos, como puede contactarnos y c\u00f3mo procesamos los datos personales en nuestra&nbsp;<a href=\"https:\/\/ozeanhub.com\/politica-de-privacidad\">Pol\u00edtica de Privacidad<\/a><\/p>\n\n\n\n<p>Esta p\u00e1gina web usa cookies. Las cookies de este sitio web se usan para personalizar el contenido y los anuncios, ofrecer funciones de redes sociales y analizar el tr\u00e1fico. Adem\u00e1s, compartimos informaci\u00f3n sobre el uso que haga del sitio web con nuestros partners de redes sociales, publicidad y an\u00e1lisis web, quienes pueden combinarla con otra informaci\u00f3n que les haya proporcionado o que hayan recopilado a partir del uso que haya hecho de sus servicios.<\/p>\n\n\n\n<p>Las cookies son peque\u00f1os archivos de texto que las p\u00e1ginas web pueden utilizar para hacer m\u00e1s eficiente la experiencia del usuario.<\/p>\n\n\n\n<p>La ley afirma que podemos almacenar cookies en su dispositivo si son estrictamente necesarias para el funcionamiento de esta p\u00e1gina. Para todos los dem\u00e1s tipos de cookies necesitamos su permiso.<\/p>\n\n\n\n<p>Esta p\u00e1gina utiliza tipos diferentes de cookies. Algunas cookies son colocadas por servicios de terceros que aparecen en nuestras p\u00e1ginas.<\/p>\n\n\n\n<p>En cualquier momento puede cambiar o retirar su consentimiento desde la Declaraci\u00f3n de cookies en nuestro sitio web.<\/p>\n\n\n\n<p>Obtenga m\u00e1s informaci\u00f3n sobre qui\u00e9nes somos, c\u00f3mo puede contactarnos y c\u00f3mo procesamos los datos personales en nuestra Pol\u00edtica de privacidad.<\/p>\n\n\n\n<p>Al contactarnos respecto a su consentimiento, por favor, indique el ID y la fecha de su consentimiento.<\/p>\n\n\n\n<p>Su consentimiento se aplica a los siguientes dominios: www.ozeanhub.com<\/p>\n\n\n\n<p>Su estado actual: Permitir todas las cookies.&nbsp;<\/p>\n","protected":false},"excerpt":{"rendered":"<p>ACERCA DE LAS COOKIES Las cookies son peque\u00f1os archivos de texto que las p\u00e1ginas web pueden utilizar para hacer m\u00e1s eficiente la experiencia del usuario. La Ley afirma que podemos almacenar cookies en su dispositivo si son estrictamente necesarias para el funcionamiento de esta p\u00e1gina. Para todos los dem\u00e1s tipos de cookies necesitamos su consentimiento <a href=\"https:\/\/ozeanhub.com\/?page_id=580\" class=\"more-link\">&#8230;<span class=\"screen-reader-text\">  Pol\u00edtica de cookies<\/span><\/a><\/p>\n","protected":false},"author":3,"featured_media":0,"parent":0,"menu_order":0,"comment_status":"closed","ping_status":"closed","template":"","meta":{"footnotes":""},"class_list":["post-580","page","type-page","status-publish","hentry"],"_links":{"self":[{"href":"https:\/\/ozeanhub.com\/index.php?rest_route=\/wp\/v2\/pages\/580","targetHints":{"allow":["GET"]}}],"collection":[{"href":"https:\/\/ozeanhub.com\/index.php?rest_route=\/wp\/v2\/pages"}],"about":[{"href":"https:\/\/ozeanhub.com\/index.php?rest_route=\/wp\/v2\/types\/page"}],"author":[{"embeddable":true,"href":"https:\/\/ozeanhub.com\/index.php?rest_route=\/wp\/v2\/users\/3"}],"replies":[{"embeddable":true,"href":"https:\/\/ozeanhub.com\/index.php?rest_route=%2Fwp%2Fv2%2Fcomments&post=580"}],"version-history":[{"count":1,"href":"https:\/\/ozeanhub.com\/index.php?rest_route=\/wp\/v2\/pages\/580\/revisions"}],"predecessor-version":[{"id":581,"href":"https:\/\/ozeanhub.com\/index.php?rest_route=\/wp\/v2\/pages\/580\/revisions\/581"}],"wp:attachment":[{"href":"https:\/\/ozeanhub.com\/index.php?rest_route=%2Fwp%2Fv2%2Fmedia&parent=580"}],"curies":[{"name":"wp","href":"https:\/\/api.w.org\/{rel}","templated":true}]}}